{"id":34,"date":"2024-07-30T10:05:48","date_gmt":"2024-07-30T08:05:48","guid":{"rendered":"https:\/\/dieselsystemes.fr\/?page_id=34"},"modified":"2024-07-30T10:05:48","modified_gmt":"2024-07-30T08:05:48","slug":"formation-mecanique","status":"publish","type":"page","link":"https:\/\/dieselsystemes.fr\/index.php\/formation-mecanique\/","title":{"rendered":"Formation m\u00e9canique"},"content":{"rendered":"","protected":false},"excerpt":{"rendered":"","protected":false},"author":1,"featured_media":0,"parent":0,"menu_order":0,"comment_status":"closed","ping_status":"closed","template":"","meta":{"site-sidebar-layout":"default","site-content-layout":"","ast-site-content-layout":"","site-content-style":"default","site-sidebar-style":"default","ast-global-header-display":"","ast-banner-title-visibility":"","ast-main-header-display":"","ast-hfb-above-header-display":"","ast-hfb-below-header-display":"","ast-hfb-mobile-header-display":"","site-post-title":"","ast-breadcrumbs-content":"","ast-featured-img":"","footer-sml-layout":"","theme-transparent-header-meta":"","adv-header-id-meta":"","stick-header-meta":"","header-above-stick-meta":"","header-main-stick-meta":"","header-below-stick-meta":"","astra-migrate-meta-layouts":"default","ast-page-background-enabled":"default","ast-page-background-meta":{"desktop":{"background-color":"var(--ast-global-color-4)","background-image":"","background-repeat":"repeat","background-position":"center center","background-size":"auto","background-attachment":"scroll","background-type":"","background-media":"","overlay-type":"","overlay-color":"","overlay-opacity":"","overlay-gradient":""},"tablet":{"background-color":"","background-image":"","background-repeat":"repeat","background-position":"center center","background-size":"auto","background-attachment":"scroll","background-type":"","background-media":"","overlay-type":"","overlay-color":"","overlay-opacity":"","overlay-gradient":""},"mobile":{"background-color":"","background-image":"","background-repeat":"repeat","background-position":"center center","background-size":"auto","background-attachment":"scroll","background-type":"","background-media":"","overlay-type":"","overlay-color":"","overlay-opacity":"","overlay-gradient":""}},"ast-content-background-meta":{"desktop":{"background-color":"var(--ast-global-color-5)","background-image":"","background-repeat":"repeat","background-position":"center center","background-size":"auto","background-attachment":"scroll","background-type":"","background-media":"","overlay-type":"","overlay-color":"","overlay-opacity":"","overlay-gradient":""},"tablet":{"background-color":"var(--ast-global-color-5)","background-image":"","background-repeat":"repeat","background-position":"center center","background-size":"auto","background-attachment":"scroll","background-type":"","background-media":"","overlay-type":"","overlay-color":"","overlay-opacity":"","overlay-gradient":""},"mobile":{"background-color":"var(--ast-global-color-5)","background-image":"","background-repeat":"repeat","background-position":"center center","background-size":"auto","background-attachment":"scroll","background-type":"","background-media":"","overlay-type":"","overlay-color":"","overlay-opacity":"","overlay-gradient":""}},"footnotes":""},"class_list":["post-34","page","type-page","status-publish","hentry"],"yoast_head":"<!-- This site is optimized with the Yoast SEO plugin v23.4 - https:\/\/yoast.com\/wordpress\/plugins\/seo\/ -->\n<title>Formation m\u00e9canique - Diesel Syst\u00e8mes<\/title>\n<meta name=\"robots\" content=\"index, follow, max-snippet:-1, max-image-preview:large, max-video-preview:-1\" \/>\n<link rel=\"canonical\" href=\"https:\/\/dieselsystemes.fr\/index.php\/formation-mecanique\/\" \/>\n<meta property=\"og:locale\" content=\"fr_FR\" \/>\n<meta property=\"og:type\" content=\"article\" \/>\n<meta property=\"og:title\" content=\"Formation m\u00e9canique - Diesel Syst\u00e8mes\" \/>\n<meta property=\"og:url\" content=\"https:\/\/dieselsystemes.fr\/index.php\/formation-mecanique\/\" \/>\n<meta property=\"og:site_name\" content=\"Diesel Syst\u00e8mes\" \/>\n<meta name=\"twitter:card\" content=\"summary_large_image\" \/>\n<script type=\"application\/ld+json\" class=\"yoast-schema-graph\">{\"@context\":\"https:\/\/schema.org\",\"@graph\":[{\"@type\":\"WebPage\",\"@id\":\"https:\/\/dieselsystemes.fr\/index.php\/formation-mecanique\/\",\"url\":\"https:\/\/dieselsystemes.fr\/index.php\/formation-mecanique\/\",\"name\":\"Formation m\u00e9canique - Diesel Syst\u00e8mes\",\"isPartOf\":{\"@id\":\"https:\/\/dieselsystemes.fr\/#website\"},\"datePublished\":\"2024-07-30T08:05:48+00:00\",\"dateModified\":\"2024-07-30T08:05:48+00:00\",\"breadcrumb\":{\"@id\":\"https:\/\/dieselsystemes.fr\/index.php\/formation-mecanique\/#breadcrumb\"},\"inLanguage\":\"fr-FR\",\"potentialAction\":[{\"@type\":\"ReadAction\",\"target\":[\"https:\/\/dieselsystemes.fr\/index.php\/formation-mecanique\/\"]}]},{\"@type\":\"BreadcrumbList\",\"@id\":\"https:\/\/dieselsystemes.fr\/index.php\/formation-mecanique\/#breadcrumb\",\"itemListElement\":[{\"@type\":\"ListItem\",\"position\":1,\"name\":\"Accueil\",\"item\":\"https:\/\/dieselsystemes.fr\/\"},{\"@type\":\"ListItem\",\"position\":2,\"name\":\"Formation m\u00e9canique\"}]},{\"@type\":\"WebSite\",\"@id\":\"https:\/\/dieselsystemes.fr\/#website\",\"url\":\"https:\/\/dieselsystemes.fr\/\",\"name\":\"Diesel Syst\u00e8mes\",\"description\":\"Maintenance &amp; Installation Groupe Electrog\u00e8nes\",\"publisher\":{\"@id\":\"https:\/\/dieselsystemes.fr\/#organization\"},\"alternateName\":\"Diesel Syst\u00e8mes - Installation et maintenance groupe \u00e9lectrog\u00e8ne\",\"potentialAction\":[{\"@type\":\"SearchAction\",\"target\":{\"@type\":\"EntryPoint\",\"urlTemplate\":\"https:\/\/dieselsystemes.fr\/?s={search_term_string}\"},\"query-input\":{\"@type\":\"PropertyValueSpecification\",\"valueRequired\":true,\"valueName\":\"search_term_string\"}}],\"inLanguage\":\"fr-FR\"},{\"@type\":\"Organization\",\"@id\":\"https:\/\/dieselsystemes.fr\/#organization\",\"name\":\"Diesel Syst\u00e8mes - Maintenance & Installation Groupe \u00e9lectrog\u00e8ne\",\"alternateName\":\"Diesel Syst\u00e8mes\",\"url\":\"https:\/\/dieselsystemes.fr\/\",\"logo\":{\"@type\":\"ImageObject\",\"inLanguage\":\"fr-FR\",\"@id\":\"https:\/\/dieselsystemes.fr\/#\/schema\/logo\/image\/\",\"url\":\"https:\/\/dieselsystemes.fr\/wp-content\/uploads\/2024\/07\/cropped-cropped-Logo_Diesel-Systemes-png.png\",\"contentUrl\":\"https:\/\/dieselsystemes.fr\/wp-content\/uploads\/2024\/07\/cropped-cropped-Logo_Diesel-Systemes-png.png\",\"width\":1199,\"height\":320,\"caption\":\"Diesel Syst\u00e8mes - Maintenance & Installation Groupe \u00e9lectrog\u00e8ne\"},\"image\":{\"@id\":\"https:\/\/dieselsystemes.fr\/#\/schema\/logo\/image\/\"},\"sameAs\":[\"https:\/\/www.linkedin.com\/company\/diesel-systemes-06-13\/\"]}]}<\/script>\n<!-- \/ Yoast SEO plugin. -->","yoast_head_json":{"title":"Formation m\u00e9canique - Diesel Syst\u00e8mes","robots":{"index":"index","follow":"follow","max-snippet":"max-snippet:-1","max-image-preview":"max-image-preview:large","max-video-preview":"max-video-preview:-1"},"canonical":"https:\/\/dieselsystemes.fr\/index.php\/formation-mecanique\/","og_locale":"fr_FR","og_type":"article","og_title":"Formation m\u00e9canique - Diesel Syst\u00e8mes","og_url":"https:\/\/dieselsystemes.fr\/index.php\/formation-mecanique\/","og_site_name":"Diesel Syst\u00e8mes","twitter_card":"summary_large_image","schema":{"@context":"https:\/\/schema.org","@graph":[{"@type":"WebPage","@id":"https:\/\/dieselsystemes.fr\/index.php\/formation-mecanique\/","url":"https:\/\/dieselsystemes.fr\/index.php\/formation-mecanique\/","name":"Formation m\u00e9canique - Diesel Syst\u00e8mes","isPartOf":{"@id":"https:\/\/dieselsystemes.fr\/#website"},"datePublished":"2024-07-30T08:05:48+00:00","dateModified":"2024-07-30T08:05:48+00:00","breadcrumb":{"@id":"https:\/\/dieselsystemes.fr\/index.php\/formation-mecanique\/#breadcrumb"},"inLanguage":"fr-FR","potentialAction":[{"@type":"ReadAction","target":["https:\/\/dieselsystemes.fr\/index.php\/formation-mecanique\/"]}]},{"@type":"BreadcrumbList","@id":"https:\/\/dieselsystemes.fr\/index.php\/formation-mecanique\/#breadcrumb","itemListElement":[{"@type":"ListItem","position":1,"name":"Accueil","item":"https:\/\/dieselsystemes.fr\/"},{"@type":"ListItem","position":2,"name":"Formation m\u00e9canique"}]},{"@type":"WebSite","@id":"https:\/\/dieselsystemes.fr\/#website","url":"https:\/\/dieselsystemes.fr\/","name":"Diesel Syst\u00e8mes","description":"Maintenance &amp; Installation Groupe Electrog\u00e8nes","publisher":{"@id":"https:\/\/dieselsystemes.fr\/#organization"},"alternateName":"Diesel Syst\u00e8mes - Installation et maintenance groupe \u00e9lectrog\u00e8ne","potentialAction":[{"@type":"SearchAction","target":{"@type":"EntryPoint","urlTemplate":"https:\/\/dieselsystemes.fr\/?s={search_term_string}"},"query-input":{"@type":"PropertyValueSpecification","valueRequired":true,"valueName":"search_term_string"}}],"inLanguage":"fr-FR"},{"@type":"Organization","@id":"https:\/\/dieselsystemes.fr\/#organization","name":"Diesel Syst\u00e8mes - Maintenance & Installation Groupe \u00e9lectrog\u00e8ne","alternateName":"Diesel Syst\u00e8mes","url":"https:\/\/dieselsystemes.fr\/","logo":{"@type":"ImageObject","inLanguage":"fr-FR","@id":"https:\/\/dieselsystemes.fr\/#\/schema\/logo\/image\/","url":"https:\/\/dieselsystemes.fr\/wp-content\/uploads\/2024\/07\/cropped-cropped-Logo_Diesel-Systemes-png.png","contentUrl":"https:\/\/dieselsystemes.fr\/wp-content\/uploads\/2024\/07\/cropped-cropped-Logo_Diesel-Systemes-png.png","width":1199,"height":320,"caption":"Diesel Syst\u00e8mes - Maintenance & Installation Groupe \u00e9lectrog\u00e8ne"},"image":{"@id":"https:\/\/dieselsystemes.fr\/#\/schema\/logo\/image\/"},"sameAs":["https:\/\/www.linkedin.com\/company\/diesel-systemes-06-13\/"]}]}},"_links":{"self":[{"href":"https:\/\/dieselsystemes.fr\/index.php\/wp-json\/wp\/v2\/pages\/34","targetHints":{"allow":["GET"]}}],"collection":[{"href":"https:\/\/dieselsystemes.fr\/index.php\/wp-json\/wp\/v2\/pages"}],"about":[{"href":"https:\/\/dieselsystemes.fr\/index.php\/wp-json\/wp\/v2\/types\/page"}],"author":[{"embeddable":true,"href":"https:\/\/dieselsystemes.fr\/index.php\/wp-json\/wp\/v2\/users\/1"}],"replies":[{"embeddable":true,"href":"https:\/\/dieselsystemes.fr\/index.php\/wp-json\/wp\/v2\/comments?post=34"}],"version-history":[{"count":1,"href":"https:\/\/dieselsystemes.fr\/index.php\/wp-json\/wp\/v2\/pages\/34\/revisions"}],"predecessor-version":[{"id":41,"href":"https:\/\/dieselsystemes.fr\/index.php\/wp-json\/wp\/v2\/pages\/34\/revisions\/41"}],"wp:attachment":[{"href":"https:\/\/dieselsystemes.fr\/index.php\/wp-json\/wp\/v2\/media?parent=34"}],"curies":[{"name":"wp","href":"https:\/\/api.w.org\/{rel}","templated":true}]}}