{"id":3613,"date":"2025-07-16T15:59:41","date_gmt":"2025-07-16T13:59:41","guid":{"rendered":"https:\/\/dieselsystemes.fr\/?page_id=3613"},"modified":"2025-07-17T14:13:49","modified_gmt":"2025-07-17T12:13:49","slug":"charge-daffaires-emploi-dieselsystemes","status":"publish","type":"page","link":"https:\/\/dieselsystemes.fr\/index.php\/charge-daffaires-emploi-dieselsystemes\/","title":{"rendered":"Charg\u00e9 d&#8217;affaires"},"content":{"rendered":"\t\t<div data-elementor-type=\"wp-page\" data-elementor-id=\"3613\" class=\"elementor elementor-3613\" data-elementor-post-type=\"page\">\n\t\t\t\t<div class=\"elementor-element elementor-element-b999039 e-flex e-con-boxed e-con e-parent\" data-id=\"b999039\" data-element_type=\"container\">\n\t\t\t\t\t<div class=\"e-con-inner\">\n\t\t\t\t<div class=\"elementor-element elementor-element-12ab87c elementor-widget elementor-widget-spacer\" data-id=\"12ab87c\" data-element_type=\"widget\" data-widget_type=\"spacer.default\">\n\t\t\t\t<div class=\"elementor-widget-container\">\n\t\t\t\t\t<div class=\"elementor-spacer\">\n\t\t\t<div class=\"elementor-spacer-inner\"><\/div>\n\t\t<\/div>\n\t\t\t\t<\/div>\n\t\t\t\t<\/div>\n\t\t\t\t\t<\/div>\n\t\t\t\t<\/div>\n\t\t<div class=\"elementor-element elementor-element-5985d1d e-flex e-con-boxed e-con e-parent\" data-id=\"5985d1d\" data-element_type=\"container\">\n\t\t\t\t\t<div class=\"e-con-inner\">\n\t\t<div class=\"elementor-element elementor-element-2153ff1 e-con-full e-flex e-con e-child\" data-id=\"2153ff1\" data-element_type=\"container\">\n\t\t\t\t<div class=\"elementor-element elementor-element-7eb7d95 elementor-widget elementor-widget-heading\" data-id=\"7eb7d95\" data-element_type=\"widget\" data-widget_type=\"heading.default\">\n\t\t\t\t<div class=\"elementor-widget-container\">\n\t\t\t<h1 class=\"elementor-heading-title elementor-size-default\">Alternance - <b style=\"font-style: inherit; letter-spacing: -0.4px; text-decoration-line: initial;\">Charg\u00e9 d\u2019affaires (Licence\/Master)<\/b><\/h1>\t\t<\/div>\n\t\t\t\t<\/div>\n\t\t\t\t<\/div>\n\t\t\t\t\t<\/div>\n\t\t\t\t<\/div>\n\t\t<div class=\"elementor-element elementor-element-c33bfe1 e-con-full e-flex e-con e-parent\" data-id=\"c33bfe1\" data-element_type=\"container\">\n\t\t\t\t<div class=\"elementor-element elementor-element-030e689 elementor-widget elementor-widget-text-editor\" data-id=\"030e689\" data-element_type=\"widget\" data-widget_type=\"text-editor.default\">\n\t\t\t\t<div class=\"elementor-widget-container\">\n\t\t\t\t\t\t\t<p class=\"MsoNormal\"><b><span style=\"font-family: 'Segoe UI Emoji',sans-serif; mso-bidi-font-family: 'Segoe UI Emoji';\"><img decoding=\"async\" class=\"emoji\" role=\"img\" draggable=\"false\" src=\"https:\/\/s.w.org\/images\/core\/emoji\/16.0.1\/svg\/1f3af.svg\" alt=\"\ud83c\udfaf\" \/><\/span> Alternance \u2013 Charg\u00e9 d\u2019affaires ( Licence\/Master)<\/b><\/p><p class=\"MsoNormal\"><b>Entreprise<\/b><b><span style=\"font-family: 'Arial',sans-serif;\">\u202f<\/span>: <\/b>Diesel Syst\u00e8mes (Meyreuil, PACA)<br \/><b>D\u00e9but<\/b><b><span style=\"font-family: 'Arial',sans-serif;\">\u202f<\/span>: <\/b>Septembre 2025 \u2013 12 \u00e0 24 mois<\/p><p class=\"MsoNormal\"><b>\u00c0 propos de Diesel Syst\u00e8mes<\/b><br \/>Diesel Syst\u00e8mes distribue et installe des groupes \u00e9lectrog\u00e8nes (partenaire Cummins), avec une expertise forte en maintenance (atelier et site), solutions sur mesure et armoires d\u2019automatisme. Engag\u00e9e, certifi\u00e9e MASE et reconnue pour sa rapidit\u00e9 d\u2019intervention (48<span style=\"font-family: 'Arial',sans-serif;\">\u202f<\/span>h max), l\u2019entreprise accompagne des clients prestigieux tels que Veolia, Bouygues, EDF<\/p><p class=\"MsoNormal\"><b>Vos missions<\/b><br \/>Sous la responsabilit\u00e9 du Directeur d\u2019agence, vous interviendrez sur<span style=\"font-family: 'Arial',sans-serif;\">\u202f<\/span>:<\/p><ul style=\"margin-top: 0cm;\" type=\"disc\"><li class=\"MsoNormal\"><span style=\"font-family: 'Segoe UI Emoji',sans-serif; mso-bidi-font-family: 'Segoe UI Emoji';\"><img decoding=\"async\" class=\"emoji\" role=\"img\" draggable=\"false\" src=\"https:\/\/s.w.org\/images\/core\/emoji\/16.0.1\/svg\/1f50d.svg\" alt=\"\ud83d\udd0d\" \/>\u00a0<\/span>D\u00e9marchage &amp; prospection clients (B2B), suivi des opportunit\u00e9s<\/li><li class=\"MsoNormal\"><span style=\"font-family: 'Segoe UI Emoji',sans-serif; mso-bidi-font-family: 'Segoe UI Emoji';\"><img decoding=\"async\" class=\"emoji\" role=\"img\" draggable=\"false\" src=\"https:\/\/s.w.org\/images\/core\/emoji\/16.0.1\/svg\/1f4d0.svg\" alt=\"\ud83d\udcd0\" \/>\u00a0<\/span>Collaboration avec les bureaux d\u2019\u00e9tudes sur des projets de groupes<br \/>\u00e9lectrog\u00e8nes<\/li><li class=\"MsoNormal\"><span style=\"font-family: 'Segoe UI Emoji',sans-serif; mso-bidi-font-family: 'Segoe UI Emoji';\"><img decoding=\"async\" class=\"emoji\" role=\"img\" draggable=\"false\" src=\"https:\/\/s.w.org\/images\/core\/emoji\/16.0.1\/svg\/1f4b6.svg\" alt=\"\ud83d\udcb6\" \/>\u00a0<\/span>Chiffrage de petits groupes \u00e9lectrog\u00e8nes (\u00e9tudes, mat\u00e9riels, prestations)<\/li><li class=\"MsoNormal\"><span style=\"font-family: 'Segoe UI Emoji',sans-serif; mso-bidi-font-family: 'Segoe UI Emoji';\"><img decoding=\"async\" class=\"emoji\" role=\"img\" draggable=\"false\" src=\"https:\/\/s.w.org\/images\/core\/emoji\/16.0.1\/svg\/1f4bb.svg\" alt=\"\ud83d\udcbb\" \/>\u00a0<\/span>Assistance technique : support avant-vente et interface avec la<br \/>maintenance<\/li><\/ul><p class=\"MsoNormal\"><b>Profil recherch\u00e9<\/b><\/p><ul style=\"margin-top: 0cm;\" type=\"disc\"><li class=\"MsoNormal\"><b>Formation en cours<\/b><span style=\"font-family: 'Arial',sans-serif;\">\u202f<\/span>: Licence ou Master \u00e0 dominante commerciale<\/li><li class=\"MsoNormal\">BTS \u00c9lectrotechnique ou \u00e9quivalent<\/li><li class=\"MsoNormal\">Go\u00fbt pour la technique industrielle et la vente technique B2B<\/li><li class=\"MsoNormal\">Ma\u00eetrise des m\u00e9thodes de chiffrage, aisance relationnelle &amp; rigueur<\/li><li class=\"MsoNormal\">Curiosit\u00e9, autonomie, sens de l\u2019organisation et esprit d\u2019\u00e9quipe<\/li><\/ul><p class=\"MsoNormal\"><b>Nous offrons<\/b><\/p><ul style=\"margin-top: 0cm;\" type=\"disc\"><li class=\"MsoNormal\">Formation compl\u00e8te aux produits et process Diesel Syst\u00e8mes<\/li><li class=\"MsoNormal\">Alternance formalis\u00e9e avec suivi et accompagnement<\/li><li class=\"MsoNormal\">\u00c9quipe professionnelle, PME \u00e0 taille humaine, pleine d\u2019expertise<\/li><li class=\"MsoNormal\">Perspectives d\u2019\u00e9volution en fin de contrat (CDI envisageable)<\/li><li class=\"MsoNormal\">R\u00e9mun\u00e9ration sur 13 mois, tickets restaurants<\/li><\/ul>\t\t\t\t\t\t<\/div>\n\t\t\t\t<\/div>\n\t\t\t\t<div class=\"elementor-element elementor-element-17c8468 elementor-widget elementor-widget-button\" data-id=\"17c8468\" data-element_type=\"widget\" data-widget_type=\"button.default\">\n\t\t\t\t<div class=\"elementor-widget-container\">\n\t\t\t\t\t<div class=\"elementor-button-wrapper\">\n\t\t\t<a class=\"elementor-button elementor-button-link elementor-size-sm\" href=\"mailto:emploi@dieselsystemes.com\" target=\"_blank\">\n\t\t\t\t\t\t<span class=\"elementor-button-content-wrapper\">\n\t\t\t\t\t\t\t\t\t<span class=\"elementor-button-text\">Nous Contacter<\/span>\n\t\t\t\t\t<\/span>\n\t\t\t\t\t<\/a>\n\t\t<\/div>\n\t\t\t\t<\/div>\n\t\t\t\t<\/div>\n\t\t\t\t<\/div>\n\t\t<div class=\"elementor-element elementor-element-f3b1d37 e-flex e-con-boxed e-con e-parent\" data-id=\"f3b1d37\" data-element_type=\"container\">\n\t\t\t\t\t<div class=\"e-con-inner\">\n\t\t\t\t<div class=\"elementor-element elementor-element-3a5e04a elementor-widget elementor-widget-spacer\" data-id=\"3a5e04a\" data-element_type=\"widget\" data-widget_type=\"spacer.default\">\n\t\t\t\t<div class=\"elementor-widget-container\">\n\t\t\t\t\t<div class=\"elementor-spacer\">\n\t\t\t<div class=\"elementor-spacer-inner\"><\/div>\n\t\t<\/div>\n\t\t\t\t<\/div>\n\t\t\t\t<\/div>\n\t\t\t\t\t<\/div>\n\t\t\t\t<\/div>\n\t\t\t\t<\/div>\n\t\t","protected":false},"excerpt":{"rendered":"<p>Alternance &#8211; Charg\u00e9 d\u2019affaires (Licence\/Master) Alternance \u2013 Charg\u00e9 d\u2019affaires ( Licence\/Master) Entreprise\u202f: Diesel Syst\u00e8mes (Meyreuil, PACA)D\u00e9but\u202f: Septembre 2025 \u2013 12 [&hellip;]<\/p>\n","protected":false},"author":1,"featured_media":0,"parent":0,"menu_order":0,"comment_status":"closed","ping_status":"closed","template":"","meta":{"site-sidebar-layout":"no-sidebar","site-content-layout":"","ast-site-content-layout":"full-width-container","site-content-style":"default","site-sidebar-style":"default","ast-global-header-display":"","ast-banner-title-visibility":"","ast-main-header-display":"","ast-hfb-above-header-display":"","ast-hfb-below-header-display":"","ast-hfb-mobile-header-display":"","site-post-title":"disabled","ast-breadcrumbs-content":"","ast-featured-img":"disabled","footer-sml-layout":"","theme-transparent-header-meta":"","adv-header-id-meta":"","stick-header-meta":"","header-above-stick-meta":"","header-main-stick-meta":"","header-below-stick-meta":"","astra-migrate-meta-layouts":"default","ast-page-background-enabled":"default","ast-page-background-meta":{"desktop":{"background-color":"var(--ast-global-color-4)","background-image":"","background-repeat":"repeat","background-position":"center center","background-size":"auto","background-attachment":"scroll","background-type":"","background-media":"","overlay-type":"","overlay-color":"","overlay-opacity":"","overlay-gradient":""},"tablet":{"background-color":"","background-image":"","background-repeat":"repeat","background-position":"center center","background-size":"auto","background-attachment":"scroll","background-type":"","background-media":"","overlay-type":"","overlay-color":"","overlay-opacity":"","overlay-gradient":""},"mobile":{"background-color":"","background-image":"","background-repeat":"repeat","background-position":"center center","background-size":"auto","background-attachment":"scroll","background-type":"","background-media":"","overlay-type":"","overlay-color":"","overlay-opacity":"","overlay-gradient":""}},"ast-content-background-meta":{"desktop":{"background-color":"var(--ast-global-color-5)","background-image":"","background-repeat":"repeat","background-position":"center center","background-size":"auto","background-attachment":"scroll","background-type":"","background-media":"","overlay-type":"","overlay-color":"","overlay-opacity":"","overlay-gradient":""},"tablet":{"background-color":"var(--ast-global-color-5)","background-image":"","background-repeat":"repeat","background-position":"center center","background-size":"auto","background-attachment":"scroll","background-type":"","background-media":"","overlay-type":"","overlay-color":"","overlay-opacity":"","overlay-gradient":""},"mobile":{"background-color":"var(--ast-global-color-5)","background-image":"","background-repeat":"repeat","background-position":"center center","background-size":"auto","background-attachment":"scroll","background-type":"","background-media":"","overlay-type":"","overlay-color":"","overlay-opacity":"","overlay-gradient":""}},"footnotes":""},"class_list":["post-3613","page","type-page","status-publish","hentry"],"yoast_head":"<!-- This site is optimized with the Yoast SEO plugin v23.4 - https:\/\/yoast.com\/wordpress\/plugins\/seo\/ -->\n<title>Charg\u00e9 d&#039;affaires - Diesel Syst\u00e8mes<\/title>\n<meta name=\"robots\" content=\"index, follow, max-snippet:-1, max-image-preview:large, max-video-preview:-1\" \/>\n<link rel=\"canonical\" href=\"https:\/\/dieselsystemes.fr\/index.php\/charge-daffaires-emploi-dieselsystemes\/\" \/>\n<meta property=\"og:locale\" content=\"fr_FR\" \/>\n<meta property=\"og:type\" content=\"article\" \/>\n<meta property=\"og:title\" content=\"Charg\u00e9 d&#039;affaires - Diesel Syst\u00e8mes\" \/>\n<meta property=\"og:description\" content=\"Alternance &#8211; Charg\u00e9 d\u2019affaires (Licence\/Master) Alternance \u2013 Charg\u00e9 d\u2019affaires ( Licence\/Master) Entreprise\u202f: Diesel Syst\u00e8mes (Meyreuil, PACA)D\u00e9but\u202f: Septembre 2025 \u2013 12 [&hellip;]\" \/>\n<meta property=\"og:url\" content=\"https:\/\/dieselsystemes.fr\/index.php\/charge-daffaires-emploi-dieselsystemes\/\" \/>\n<meta property=\"og:site_name\" content=\"Diesel Syst\u00e8mes\" \/>\n<meta property=\"article:modified_time\" content=\"2025-07-17T12:13:49+00:00\" \/>\n<meta property=\"og:image\" content=\"https:\/\/s.w.org\/images\/core\/emoji\/16.0.1\/svg\/1f3af.svg\" \/>\n<meta name=\"twitter:card\" content=\"summary_large_image\" \/>\n<meta name=\"twitter:label1\" content=\"Dur\u00e9e de lecture estim\u00e9e\" \/>\n\t<meta name=\"twitter:data1\" content=\"3 minutes\" \/>\n<script type=\"application\/ld+json\" class=\"yoast-schema-graph\">{\"@context\":\"https:\/\/schema.org\",\"@graph\":[{\"@type\":\"WebPage\",\"@id\":\"https:\/\/dieselsystemes.fr\/index.php\/charge-daffaires-emploi-dieselsystemes\/\",\"url\":\"https:\/\/dieselsystemes.fr\/index.php\/charge-daffaires-emploi-dieselsystemes\/\",\"name\":\"Charg\u00e9 d'affaires - Diesel Syst\u00e8mes\",\"isPartOf\":{\"@id\":\"https:\/\/dieselsystemes.fr\/#website\"},\"primaryImageOfPage\":{\"@id\":\"https:\/\/dieselsystemes.fr\/index.php\/charge-daffaires-emploi-dieselsystemes\/#primaryimage\"},\"image\":{\"@id\":\"https:\/\/dieselsystemes.fr\/index.php\/charge-daffaires-emploi-dieselsystemes\/#primaryimage\"},\"thumbnailUrl\":\"https:\/\/s.w.org\/images\/core\/emoji\/16.0.1\/svg\/1f3af.svg\",\"datePublished\":\"2025-07-16T13:59:41+00:00\",\"dateModified\":\"2025-07-17T12:13:49+00:00\",\"breadcrumb\":{\"@id\":\"https:\/\/dieselsystemes.fr\/index.php\/charge-daffaires-emploi-dieselsystemes\/#breadcrumb\"},\"inLanguage\":\"fr-FR\",\"potentialAction\":[{\"@type\":\"ReadAction\",\"target\":[\"https:\/\/dieselsystemes.fr\/index.php\/charge-daffaires-emploi-dieselsystemes\/\"]}]},{\"@type\":\"ImageObject\",\"inLanguage\":\"fr-FR\",\"@id\":\"https:\/\/dieselsystemes.fr\/index.php\/charge-daffaires-emploi-dieselsystemes\/#primaryimage\",\"url\":\"https:\/\/s.w.org\/images\/core\/emoji\/16.0.1\/svg\/1f3af.svg\",\"contentUrl\":\"https:\/\/s.w.org\/images\/core\/emoji\/16.0.1\/svg\/1f3af.svg\"},{\"@type\":\"BreadcrumbList\",\"@id\":\"https:\/\/dieselsystemes.fr\/index.php\/charge-daffaires-emploi-dieselsystemes\/#breadcrumb\",\"itemListElement\":[{\"@type\":\"ListItem\",\"position\":1,\"name\":\"Accueil\",\"item\":\"https:\/\/dieselsystemes.fr\/\"},{\"@type\":\"ListItem\",\"position\":2,\"name\":\"Charg\u00e9 d&#8217;affaires\"}]},{\"@type\":\"WebSite\",\"@id\":\"https:\/\/dieselsystemes.fr\/#website\",\"url\":\"https:\/\/dieselsystemes.fr\/\",\"name\":\"Diesel Syst\u00e8mes\",\"description\":\"Maintenance &amp; Installation Groupe Electrog\u00e8nes\",\"publisher\":{\"@id\":\"https:\/\/dieselsystemes.fr\/#organization\"},\"alternateName\":\"Diesel Syst\u00e8mes - Installation et maintenance groupe \u00e9lectrog\u00e8ne\",\"potentialAction\":[{\"@type\":\"SearchAction\",\"target\":{\"@type\":\"EntryPoint\",\"urlTemplate\":\"https:\/\/dieselsystemes.fr\/?s={search_term_string}\"},\"query-input\":{\"@type\":\"PropertyValueSpecification\",\"valueRequired\":true,\"valueName\":\"search_term_string\"}}],\"inLanguage\":\"fr-FR\"},{\"@type\":\"Organization\",\"@id\":\"https:\/\/dieselsystemes.fr\/#organization\",\"name\":\"Diesel Syst\u00e8mes - Maintenance & Installation Groupe \u00e9lectrog\u00e8ne\",\"alternateName\":\"Diesel Syst\u00e8mes\",\"url\":\"https:\/\/dieselsystemes.fr\/\",\"logo\":{\"@type\":\"ImageObject\",\"inLanguage\":\"fr-FR\",\"@id\":\"https:\/\/dieselsystemes.fr\/#\/schema\/logo\/image\/\",\"url\":\"https:\/\/dieselsystemes.fr\/wp-content\/uploads\/2024\/07\/cropped-cropped-Logo_Diesel-Systemes-png.png\",\"contentUrl\":\"https:\/\/dieselsystemes.fr\/wp-content\/uploads\/2024\/07\/cropped-cropped-Logo_Diesel-Systemes-png.png\",\"width\":1199,\"height\":320,\"caption\":\"Diesel Syst\u00e8mes - Maintenance & Installation Groupe \u00e9lectrog\u00e8ne\"},\"image\":{\"@id\":\"https:\/\/dieselsystemes.fr\/#\/schema\/logo\/image\/\"},\"sameAs\":[\"https:\/\/www.linkedin.com\/company\/diesel-systemes-06-13\/\"]}]}<\/script>\n<!-- \/ Yoast SEO plugin. -->","yoast_head_json":{"title":"Charg\u00e9 d'affaires - Diesel Syst\u00e8mes","robots":{"index":"index","follow":"follow","max-snippet":"max-snippet:-1","max-image-preview":"max-image-preview:large","max-video-preview":"max-video-preview:-1"},"canonical":"https:\/\/dieselsystemes.fr\/index.php\/charge-daffaires-emploi-dieselsystemes\/","og_locale":"fr_FR","og_type":"article","og_title":"Charg\u00e9 d'affaires - Diesel Syst\u00e8mes","og_description":"Alternance &#8211; Charg\u00e9 d\u2019affaires (Licence\/Master) Alternance \u2013 Charg\u00e9 d\u2019affaires ( Licence\/Master) Entreprise\u202f: Diesel Syst\u00e8mes (Meyreuil, PACA)D\u00e9but\u202f: Septembre 2025 \u2013 12 [&hellip;]","og_url":"https:\/\/dieselsystemes.fr\/index.php\/charge-daffaires-emploi-dieselsystemes\/","og_site_name":"Diesel Syst\u00e8mes","article_modified_time":"2025-07-17T12:13:49+00:00","og_image":[{"url":"https:\/\/s.w.org\/images\/core\/emoji\/16.0.1\/svg\/1f3af.svg"}],"twitter_card":"summary_large_image","twitter_misc":{"Dur\u00e9e de lecture estim\u00e9e":"3 minutes"},"schema":{"@context":"https:\/\/schema.org","@graph":[{"@type":"WebPage","@id":"https:\/\/dieselsystemes.fr\/index.php\/charge-daffaires-emploi-dieselsystemes\/","url":"https:\/\/dieselsystemes.fr\/index.php\/charge-daffaires-emploi-dieselsystemes\/","name":"Charg\u00e9 d'affaires - Diesel Syst\u00e8mes","isPartOf":{"@id":"https:\/\/dieselsystemes.fr\/#website"},"primaryImageOfPage":{"@id":"https:\/\/dieselsystemes.fr\/index.php\/charge-daffaires-emploi-dieselsystemes\/#primaryimage"},"image":{"@id":"https:\/\/dieselsystemes.fr\/index.php\/charge-daffaires-emploi-dieselsystemes\/#primaryimage"},"thumbnailUrl":"https:\/\/s.w.org\/images\/core\/emoji\/16.0.1\/svg\/1f3af.svg","datePublished":"2025-07-16T13:59:41+00:00","dateModified":"2025-07-17T12:13:49+00:00","breadcrumb":{"@id":"https:\/\/dieselsystemes.fr\/index.php\/charge-daffaires-emploi-dieselsystemes\/#breadcrumb"},"inLanguage":"fr-FR","potentialAction":[{"@type":"ReadAction","target":["https:\/\/dieselsystemes.fr\/index.php\/charge-daffaires-emploi-dieselsystemes\/"]}]},{"@type":"ImageObject","inLanguage":"fr-FR","@id":"https:\/\/dieselsystemes.fr\/index.php\/charge-daffaires-emploi-dieselsystemes\/#primaryimage","url":"https:\/\/s.w.org\/images\/core\/emoji\/16.0.1\/svg\/1f3af.svg","contentUrl":"https:\/\/s.w.org\/images\/core\/emoji\/16.0.1\/svg\/1f3af.svg"},{"@type":"BreadcrumbList","@id":"https:\/\/dieselsystemes.fr\/index.php\/charge-daffaires-emploi-dieselsystemes\/#breadcrumb","itemListElement":[{"@type":"ListItem","position":1,"name":"Accueil","item":"https:\/\/dieselsystemes.fr\/"},{"@type":"ListItem","position":2,"name":"Charg\u00e9 d&#8217;affaires"}]},{"@type":"WebSite","@id":"https:\/\/dieselsystemes.fr\/#website","url":"https:\/\/dieselsystemes.fr\/","name":"Diesel Syst\u00e8mes","description":"Maintenance &amp; Installation Groupe Electrog\u00e8nes","publisher":{"@id":"https:\/\/dieselsystemes.fr\/#organization"},"alternateName":"Diesel Syst\u00e8mes - Installation et maintenance groupe \u00e9lectrog\u00e8ne","potentialAction":[{"@type":"SearchAction","target":{"@type":"EntryPoint","urlTemplate":"https:\/\/dieselsystemes.fr\/?s={search_term_string}"},"query-input":{"@type":"PropertyValueSpecification","valueRequired":true,"valueName":"search_term_string"}}],"inLanguage":"fr-FR"},{"@type":"Organization","@id":"https:\/\/dieselsystemes.fr\/#organization","name":"Diesel Syst\u00e8mes - Maintenance & Installation Groupe \u00e9lectrog\u00e8ne","alternateName":"Diesel Syst\u00e8mes","url":"https:\/\/dieselsystemes.fr\/","logo":{"@type":"ImageObject","inLanguage":"fr-FR","@id":"https:\/\/dieselsystemes.fr\/#\/schema\/logo\/image\/","url":"https:\/\/dieselsystemes.fr\/wp-content\/uploads\/2024\/07\/cropped-cropped-Logo_Diesel-Systemes-png.png","contentUrl":"https:\/\/dieselsystemes.fr\/wp-content\/uploads\/2024\/07\/cropped-cropped-Logo_Diesel-Systemes-png.png","width":1199,"height":320,"caption":"Diesel Syst\u00e8mes - Maintenance & Installation Groupe \u00e9lectrog\u00e8ne"},"image":{"@id":"https:\/\/dieselsystemes.fr\/#\/schema\/logo\/image\/"},"sameAs":["https:\/\/www.linkedin.com\/company\/diesel-systemes-06-13\/"]}]}},"_links":{"self":[{"href":"https:\/\/dieselsystemes.fr\/index.php\/wp-json\/wp\/v2\/pages\/3613","targetHints":{"allow":["GET"]}}],"collection":[{"href":"https:\/\/dieselsystemes.fr\/index.php\/wp-json\/wp\/v2\/pages"}],"about":[{"href":"https:\/\/dieselsystemes.fr\/index.php\/wp-json\/wp\/v2\/types\/page"}],"author":[{"embeddable":true,"href":"https:\/\/dieselsystemes.fr\/index.php\/wp-json\/wp\/v2\/users\/1"}],"replies":[{"embeddable":true,"href":"https:\/\/dieselsystemes.fr\/index.php\/wp-json\/wp\/v2\/comments?post=3613"}],"version-history":[{"count":36,"href":"https:\/\/dieselsystemes.fr\/index.php\/wp-json\/wp\/v2\/pages\/3613\/revisions"}],"predecessor-version":[{"id":3674,"href":"https:\/\/dieselsystemes.fr\/index.php\/wp-json\/wp\/v2\/pages\/3613\/revisions\/3674"}],"wp:attachment":[{"href":"https:\/\/dieselsystemes.fr\/index.php\/wp-json\/wp\/v2\/media?parent=3613"}],"curies":[{"name":"wp","href":"https:\/\/api.w.org\/{rel}","templated":true}]}}