{"id":2435,"date":"2024-09-12T09:23:53","date_gmt":"2024-09-12T07:23:53","guid":{"rendered":"https:\/\/dieselsystemes.fr\/?post_type=product&#038;p=2435"},"modified":"2024-09-12T09:26:57","modified_gmt":"2024-09-12T07:26:57","slug":"dqgag-2","status":"publish","type":"product","link":"https:\/\/dieselsystemes.fr\/index.php\/produit\/dqgag-2\/","title":{"rendered":"C1760 D5e"},"content":{"rendered":"","protected":false},"excerpt":{"rendered":"<ol style=\"list-style-type: none; padding-left: 0;\">\n<li style=\"position: relative; padding-left: 20px;\">\n        <span style=\"color: white; position: absolute; left: 0;\">1.<\/span><br \/>\n        Fr\u00e9quence : 50 Hz\n    <\/li>\n<li style=\"position: relative; padding-left: 20px;\">\n        <span style=\"color: white; position: absolute; left: 0;\">2.<\/span><br \/>\n        Puissance d&#8217;urgence : 1760 kVA\n    <\/li>\n<li style=\"position: relative; padding-left: 20px;\">\n        <span style=\"color: white; position: absolute; left: 0;\">3.<\/span><br \/>\n        Puissance de base : 1600 kVA\n    <\/li>\n<li style=\"position: relative; padding-left: 20px;\">\n        <span style=\"color: white; position: absolute; left: 0;\">4.<\/span><br \/>\n        Moteur : QSK60-GS8\n    <\/li>\n<li style=\"position: relative; padding-left: 20px;\">\n        <span style=\"color: white; position: absolute; left: 0;\">5.<\/span><br \/>\n        Alternateur : PI734D\n    <\/li>\n<\/ol>\n","protected":false},"featured_media":1999,"template":"","meta":{"site-sidebar-layout":"default","site-content-layout":"","ast-site-content-layout":"default","site-content-style":"default","site-sidebar-style":"default","ast-global-header-display":"","ast-banner-title-visibility":"","ast-main-header-display":"","ast-hfb-above-header-display":"","ast-hfb-below-header-display":"","ast-hfb-mobile-header-display":"","site-post-title":"","ast-breadcrumbs-content":"","ast-featured-img":"","footer-sml-layout":"","theme-transparent-header-meta":"default","adv-header-id-meta":"","stick-header-meta":"default","header-above-stick-meta":"","header-main-stick-meta":"","header-below-stick-meta":"","astra-migrate-meta-layouts":"set","ast-page-background-enabled":"default","ast-page-background-meta":{"desktop":{"background-color":"var(--ast-global-color-4)","background-image":"","background-repeat":"repeat","background-position":"center center","background-size":"auto","background-attachment":"scroll","background-type":"","background-media":"","overlay-type":"","overlay-color":"","overlay-opacity":"","overlay-gradient":""},"tablet":{"background-color":"","background-image":"","background-repeat":"repeat","background-position":"center center","background-size":"auto","background-attachment":"scroll","background-type":"","background-media":"","overlay-type":"","overlay-color":"","overlay-opacity":"","overlay-gradient":""},"mobile":{"background-color":"","background-image":"","background-repeat":"repeat","background-position":"center center","background-size":"auto","background-attachment":"scroll","background-type":"","background-media":"","overlay-type":"","overlay-color":"","overlay-opacity":"","overlay-gradient":""}},"ast-content-background-meta":{"desktop":{"background-color":"var(--ast-global-color-5)","background-image":"","background-repeat":"repeat","background-position":"center center","background-size":"auto","background-attachment":"scroll","background-type":"","background-media":"","overlay-type":"","overlay-color":"","overlay-opacity":"","overlay-gradient":""},"tablet":{"background-color":"var(--ast-global-color-5)","background-image":"","background-repeat":"repeat","background-position":"center center","background-size":"auto","background-attachment":"scroll","background-type":"","background-media":"","overlay-type":"","overlay-color":"","overlay-opacity":"","overlay-gradient":""},"mobile":{"background-color":"var(--ast-global-color-5)","background-image":"","background-repeat":"repeat","background-position":"center center","background-size":"auto","background-attachment":"scroll","background-type":"","background-media":"","overlay-type":"","overlay-color":"","overlay-opacity":"","overlay-gradient":""}}},"product_cat":[27],"product_tag":[],"class_list":{"0":"post-2435","1":"product","2":"type-product","3":"status-publish","4":"has-post-thumbnail","6":"product_cat-non-classe","7":"pa_kva-1760-kva","8":"desktop-align-left","9":"tablet-align-left","10":"mobile-align-left","11":"ast-product-gallery-layout-horizontal-slider","12":"ast-product-gallery-with-no-image","13":"ast-product-tabs-layout-horizontal","15":"first","16":"instock","17":"shipping-taxable","18":"product-type-simple"},"yoast_head":"<!-- This site is optimized with the Yoast SEO plugin v23.4 - https:\/\/yoast.com\/wordpress\/plugins\/seo\/ -->\n<title>C1760 D5e - Diesel Syst\u00e8mes<\/title>\n<meta name=\"robots\" content=\"index, follow, max-snippet:-1, max-image-preview:large, max-video-preview:-1\" \/>\n<link rel=\"canonical\" href=\"https:\/\/dieselsystemes.fr\/index.php\/produit\/dqgag-2\/\" \/>\n<meta property=\"og:locale\" content=\"fr_FR\" \/>\n<meta property=\"og:type\" content=\"article\" \/>\n<meta property=\"og:title\" content=\"C1760 D5e - Diesel Syst\u00e8mes\" \/>\n<meta property=\"og:description\" content=\"1.     Fr\u00e9quence : 50 Hz           2.     Puissance d&#039;urgence : 1760 kVA           3.     Puissance de base : 1600 kVA           4.     Moteur : QSK60-GS8           5.     Alternateur : PI734D\" \/>\n<meta property=\"og:url\" content=\"https:\/\/dieselsystemes.fr\/index.php\/produit\/dqgag-2\/\" \/>\n<meta property=\"og:site_name\" content=\"Diesel Syst\u00e8mes\" \/>\n<meta property=\"article:modified_time\" content=\"2024-09-12T07:26:57+00:00\" \/>\n<meta property=\"og:image\" content=\"http:\/\/dieselsystemes.fr\/wp-content\/uploads\/2024\/09\/C17-D5.jpg\" \/>\n\t<meta property=\"og:image:width\" content=\"500\" \/>\n\t<meta property=\"og:image:height\" content=\"333\" \/>\n\t<meta property=\"og:image:type\" content=\"image\/jpeg\" \/>\n<meta name=\"twitter:card\" content=\"summary_large_image\" \/>\n<meta name=\"twitter:label1\" content=\"Dur\u00e9e de lecture estim\u00e9e\" \/>\n\t<meta name=\"twitter:data1\" content=\"1 minute\" \/>\n<script type=\"application\/ld+json\" class=\"yoast-schema-graph\">{\"@context\":\"https:\/\/schema.org\",\"@graph\":[{\"@type\":\"WebPage\",\"@id\":\"https:\/\/dieselsystemes.fr\/index.php\/produit\/dqgag-2\/\",\"url\":\"https:\/\/dieselsystemes.fr\/index.php\/produit\/dqgag-2\/\",\"name\":\"C1760 D5e - Diesel Syst\u00e8mes\",\"isPartOf\":{\"@id\":\"https:\/\/dieselsystemes.fr\/#website\"},\"primaryImageOfPage\":{\"@id\":\"https:\/\/dieselsystemes.fr\/index.php\/produit\/dqgag-2\/#primaryimage\"},\"image\":{\"@id\":\"https:\/\/dieselsystemes.fr\/index.php\/produit\/dqgag-2\/#primaryimage\"},\"thumbnailUrl\":\"https:\/\/dieselsystemes.fr\/wp-content\/uploads\/2024\/09\/C17-D5.jpg\",\"datePublished\":\"2024-09-12T07:23:53+00:00\",\"dateModified\":\"2024-09-12T07:26:57+00:00\",\"breadcrumb\":{\"@id\":\"https:\/\/dieselsystemes.fr\/index.php\/produit\/dqgag-2\/#breadcrumb\"},\"inLanguage\":\"fr-FR\",\"potentialAction\":[{\"@type\":\"ReadAction\",\"target\":[\"https:\/\/dieselsystemes.fr\/index.php\/produit\/dqgag-2\/\"]}]},{\"@type\":\"ImageObject\",\"inLanguage\":\"fr-FR\",\"@id\":\"https:\/\/dieselsystemes.fr\/index.php\/produit\/dqgag-2\/#primaryimage\",\"url\":\"https:\/\/dieselsystemes.fr\/wp-content\/uploads\/2024\/09\/C17-D5.jpg\",\"contentUrl\":\"https:\/\/dieselsystemes.fr\/wp-content\/uploads\/2024\/09\/C17-D5.jpg\",\"width\":500,\"height\":333},{\"@type\":\"BreadcrumbList\",\"@id\":\"https:\/\/dieselsystemes.fr\/index.php\/produit\/dqgag-2\/#breadcrumb\",\"itemListElement\":[{\"@type\":\"ListItem\",\"position\":1,\"name\":\"Accueil\",\"item\":\"https:\/\/dieselsystemes.fr\/\"},{\"@type\":\"ListItem\",\"position\":2,\"name\":\"Produits\",\"item\":\"https:\/\/dieselsystemes.fr\/index.php\/shop\/\"},{\"@type\":\"ListItem\",\"position\":3,\"name\":\"C1760 D5e\"}]},{\"@type\":\"WebSite\",\"@id\":\"https:\/\/dieselsystemes.fr\/#website\",\"url\":\"https:\/\/dieselsystemes.fr\/\",\"name\":\"Diesel Syst\u00e8mes\",\"description\":\"Maintenance &amp; Installation Groupe Electrog\u00e8nes\",\"publisher\":{\"@id\":\"https:\/\/dieselsystemes.fr\/#organization\"},\"alternateName\":\"Diesel Syst\u00e8mes - Installation et maintenance groupe \u00e9lectrog\u00e8ne\",\"potentialAction\":[{\"@type\":\"SearchAction\",\"target\":{\"@type\":\"EntryPoint\",\"urlTemplate\":\"https:\/\/dieselsystemes.fr\/?s={search_term_string}\"},\"query-input\":{\"@type\":\"PropertyValueSpecification\",\"valueRequired\":true,\"valueName\":\"search_term_string\"}}],\"inLanguage\":\"fr-FR\"},{\"@type\":\"Organization\",\"@id\":\"https:\/\/dieselsystemes.fr\/#organization\",\"name\":\"Diesel Syst\u00e8mes - Maintenance & Installation Groupe \u00e9lectrog\u00e8ne\",\"alternateName\":\"Diesel Syst\u00e8mes\",\"url\":\"https:\/\/dieselsystemes.fr\/\",\"logo\":{\"@type\":\"ImageObject\",\"inLanguage\":\"fr-FR\",\"@id\":\"https:\/\/dieselsystemes.fr\/#\/schema\/logo\/image\/\",\"url\":\"https:\/\/dieselsystemes.fr\/wp-content\/uploads\/2024\/07\/cropped-cropped-Logo_Diesel-Systemes-png.png\",\"contentUrl\":\"https:\/\/dieselsystemes.fr\/wp-content\/uploads\/2024\/07\/cropped-cropped-Logo_Diesel-Systemes-png.png\",\"width\":1199,\"height\":320,\"caption\":\"Diesel Syst\u00e8mes - Maintenance & Installation Groupe \u00e9lectrog\u00e8ne\"},\"image\":{\"@id\":\"https:\/\/dieselsystemes.fr\/#\/schema\/logo\/image\/\"},\"sameAs\":[\"https:\/\/www.linkedin.com\/company\/diesel-systemes-06-13\/\"]}]}<\/script>\n<!-- \/ Yoast SEO plugin. -->","yoast_head_json":{"title":"C1760 D5e - Diesel Syst\u00e8mes","robots":{"index":"index","follow":"follow","max-snippet":"max-snippet:-1","max-image-preview":"max-image-preview:large","max-video-preview":"max-video-preview:-1"},"canonical":"https:\/\/dieselsystemes.fr\/index.php\/produit\/dqgag-2\/","og_locale":"fr_FR","og_type":"article","og_title":"C1760 D5e - Diesel Syst\u00e8mes","og_description":"1.     Fr\u00e9quence : 50 Hz           2.     Puissance d'urgence : 1760 kVA           3.     Puissance de base : 1600 kVA           4.     Moteur : QSK60-GS8           5.     Alternateur : PI734D","og_url":"https:\/\/dieselsystemes.fr\/index.php\/produit\/dqgag-2\/","og_site_name":"Diesel Syst\u00e8mes","article_modified_time":"2024-09-12T07:26:57+00:00","og_image":[{"width":500,"height":333,"url":"http:\/\/dieselsystemes.fr\/wp-content\/uploads\/2024\/09\/C17-D5.jpg","type":"image\/jpeg"}],"twitter_card":"summary_large_image","twitter_misc":{"Dur\u00e9e de lecture estim\u00e9e":"1 minute"},"schema":{"@context":"https:\/\/schema.org","@graph":[{"@type":"WebPage","@id":"https:\/\/dieselsystemes.fr\/index.php\/produit\/dqgag-2\/","url":"https:\/\/dieselsystemes.fr\/index.php\/produit\/dqgag-2\/","name":"C1760 D5e - Diesel Syst\u00e8mes","isPartOf":{"@id":"https:\/\/dieselsystemes.fr\/#website"},"primaryImageOfPage":{"@id":"https:\/\/dieselsystemes.fr\/index.php\/produit\/dqgag-2\/#primaryimage"},"image":{"@id":"https:\/\/dieselsystemes.fr\/index.php\/produit\/dqgag-2\/#primaryimage"},"thumbnailUrl":"https:\/\/dieselsystemes.fr\/wp-content\/uploads\/2024\/09\/C17-D5.jpg","datePublished":"2024-09-12T07:23:53+00:00","dateModified":"2024-09-12T07:26:57+00:00","breadcrumb":{"@id":"https:\/\/dieselsystemes.fr\/index.php\/produit\/dqgag-2\/#breadcrumb"},"inLanguage":"fr-FR","potentialAction":[{"@type":"ReadAction","target":["https:\/\/dieselsystemes.fr\/index.php\/produit\/dqgag-2\/"]}]},{"@type":"ImageObject","inLanguage":"fr-FR","@id":"https:\/\/dieselsystemes.fr\/index.php\/produit\/dqgag-2\/#primaryimage","url":"https:\/\/dieselsystemes.fr\/wp-content\/uploads\/2024\/09\/C17-D5.jpg","contentUrl":"https:\/\/dieselsystemes.fr\/wp-content\/uploads\/2024\/09\/C17-D5.jpg","width":500,"height":333},{"@type":"BreadcrumbList","@id":"https:\/\/dieselsystemes.fr\/index.php\/produit\/dqgag-2\/#breadcrumb","itemListElement":[{"@type":"ListItem","position":1,"name":"Accueil","item":"https:\/\/dieselsystemes.fr\/"},{"@type":"ListItem","position":2,"name":"Produits","item":"https:\/\/dieselsystemes.fr\/index.php\/shop\/"},{"@type":"ListItem","position":3,"name":"C1760 D5e"}]},{"@type":"WebSite","@id":"https:\/\/dieselsystemes.fr\/#website","url":"https:\/\/dieselsystemes.fr\/","name":"Diesel Syst\u00e8mes","description":"Maintenance &amp; Installation Groupe Electrog\u00e8nes","publisher":{"@id":"https:\/\/dieselsystemes.fr\/#organization"},"alternateName":"Diesel Syst\u00e8mes - Installation et maintenance groupe \u00e9lectrog\u00e8ne","potentialAction":[{"@type":"SearchAction","target":{"@type":"EntryPoint","urlTemplate":"https:\/\/dieselsystemes.fr\/?s={search_term_string}"},"query-input":{"@type":"PropertyValueSpecification","valueRequired":true,"valueName":"search_term_string"}}],"inLanguage":"fr-FR"},{"@type":"Organization","@id":"https:\/\/dieselsystemes.fr\/#organization","name":"Diesel Syst\u00e8mes - Maintenance & Installation Groupe \u00e9lectrog\u00e8ne","alternateName":"Diesel Syst\u00e8mes","url":"https:\/\/dieselsystemes.fr\/","logo":{"@type":"ImageObject","inLanguage":"fr-FR","@id":"https:\/\/dieselsystemes.fr\/#\/schema\/logo\/image\/","url":"https:\/\/dieselsystemes.fr\/wp-content\/uploads\/2024\/07\/cropped-cropped-Logo_Diesel-Systemes-png.png","contentUrl":"https:\/\/dieselsystemes.fr\/wp-content\/uploads\/2024\/07\/cropped-cropped-Logo_Diesel-Systemes-png.png","width":1199,"height":320,"caption":"Diesel Syst\u00e8mes - Maintenance & Installation Groupe \u00e9lectrog\u00e8ne"},"image":{"@id":"https:\/\/dieselsystemes.fr\/#\/schema\/logo\/image\/"},"sameAs":["https:\/\/www.linkedin.com\/company\/diesel-systemes-06-13\/"]}]}},"_links":{"self":[{"href":"https:\/\/dieselsystemes.fr\/index.php\/wp-json\/wp\/v2\/product\/2435","targetHints":{"allow":["GET"]}}],"collection":[{"href":"https:\/\/dieselsystemes.fr\/index.php\/wp-json\/wp\/v2\/product"}],"about":[{"href":"https:\/\/dieselsystemes.fr\/index.php\/wp-json\/wp\/v2\/types\/product"}],"wp:featuredmedia":[{"embeddable":true,"href":"https:\/\/dieselsystemes.fr\/index.php\/wp-json\/wp\/v2\/media\/1999"}],"wp:attachment":[{"href":"https:\/\/dieselsystemes.fr\/index.php\/wp-json\/wp\/v2\/media?parent=2435"}],"wp:term":[{"taxonomy":"product_cat","embeddable":true,"href":"https:\/\/dieselsystemes.fr\/index.php\/wp-json\/wp\/v2\/product_cat?post=2435"},{"taxonomy":"product_tag","embeddable":true,"href":"https:\/\/dieselsystemes.fr\/index.php\/wp-json\/wp\/v2\/product_tag?post=2435"}],"curies":[{"name":"wp","href":"https:\/\/api.w.org\/{rel}","templated":true}]}}